{"id":51,"date":"2025-03-21T01:46:54","date_gmt":"2025-03-20T22:46:54","guid":{"rendered":"https:\/\/freyareklam.com\/?page_id=51"},"modified":"2025-03-23T08:33:47","modified_gmt":"2025-03-23T05:33:47","slug":"hakkimizda","status":"publish","type":"page","link":"https:\/\/freyareklam.com\/index.php\/hakkimizda\/","title":{"rendered":"Hakk\u0131m\u0131zda"},"content":{"rendered":"\t\t<div data-elementor-type=\"wp-page\" data-elementor-id=\"51\" class=\"elementor elementor-51\">\n\t\t\t\t\t\t<section class=\"elementor-section elementor-top-section elementor-element elementor-element-b44b7ce elementor-section-boxed elementor-section-height-default elementor-section-height-default\" data-id=\"b44b7ce\" data-element_type=\"section\" data-e-type=\"section\">\n\t\t\t\t\t\t<div class=\"elementor-container elementor-column-gap-default\">\n\t\t\t\t\t<div class=\"elementor-column elementor-col-100 elementor-top-column elementor-element elementor-element-aa29224\" data-id=\"aa29224\" data-element_type=\"column\" data-e-type=\"column\">\n\t\t\t<div class=\"elementor-widget-wrap elementor-element-populated\">\n\t\t\t\t\t\t<div class=\"elementor-element elementor-element-777f546 elementor-widget__width-initial elementor-widget elementor-widget-image\" data-id=\"777f546\" data-element_type=\"widget\" data-e-type=\"widget\" data-widget_type=\"image.default\">\n\t\t\t\t<div class=\"elementor-widget-container\">\n\t\t\t\t\t\t\t\t\t\t\t\t\t\t\t<img fetchpriority=\"high\" decoding=\"async\" width=\"800\" height=\"608\" src=\"https:\/\/freyareklam.com\/wp-content\/uploads\/2025\/03\/FREYA-LOGO-1024x778.png\" class=\"attachment-large size-large wp-image-13\" alt=\"\" srcset=\"https:\/\/freyareklam.com\/wp-content\/uploads\/2025\/03\/FREYA-LOGO-1024x778.png 1024w, https:\/\/freyareklam.com\/wp-content\/uploads\/2025\/03\/FREYA-LOGO-300x228.png 300w, https:\/\/freyareklam.com\/wp-content\/uploads\/2025\/03\/FREYA-LOGO-768x583.png 768w, https:\/\/freyareklam.com\/wp-content\/uploads\/2025\/03\/FREYA-LOGO.png 1256w\" sizes=\"(max-width: 800px) 100vw, 800px\" \/>\t\t\t\t\t\t\t\t\t\t\t\t\t\t\t<\/div>\n\t\t\t\t<\/div>\n\t\t\t\t\t<\/div>\n\t\t<\/div>\n\t\t\t\t\t<\/div>\n\t\t<\/section>\n\t\t\t\t<section class=\"elementor-section elementor-top-section elementor-element elementor-element-1283415 elementor-section-boxed elementor-section-height-default elementor-section-height-default\" data-id=\"1283415\" data-element_type=\"section\" data-e-type=\"section\">\n\t\t\t\t\t\t<div class=\"elementor-container elementor-column-gap-default\">\n\t\t\t\t\t<div class=\"elementor-column elementor-col-100 elementor-top-column elementor-element elementor-element-329250e\" data-id=\"329250e\" data-element_type=\"column\" data-e-type=\"column\">\n\t\t\t<div class=\"elementor-widget-wrap elementor-element-populated\">\n\t\t\t\t\t\t<div class=\"elementor-element elementor-element-444a8d6 elementor-widget elementor-widget-heading\" data-id=\"444a8d6\" data-element_type=\"widget\" data-e-type=\"widget\" data-widget_type=\"heading.default\">\n\t\t\t\t<div class=\"elementor-widget-container\">\n\t\t\t\t\t<p class=\"elementor-heading-title elementor-size-default\">Promosyon, Reklam ve  Bask\u0131 \u00dcr\u00fcnleri \u00dcretim Merkezi<\/p>\t\t\t\t<\/div>\n\t\t\t\t<\/div>\n\t\t\t\t<div class=\"elementor-element elementor-element-e5098c6 elementor-widget elementor-widget-heading\" data-id=\"e5098c6\" data-element_type=\"widget\" data-e-type=\"widget\" data-widget_type=\"heading.default\">\n\t\t\t\t<div class=\"elementor-widget-container\">\n\t\t\t\t\t<h1 class=\"elementor-heading-title elementor-size-default\">Markan\u0131z\u0131 Y\u00fckselten Reklam Bask\u0131 Hizmetleri<\/h1>\t\t\t\t<\/div>\n\t\t\t\t<\/div>\n\t\t\t\t\t<\/div>\n\t\t<\/div>\n\t\t\t\t\t<\/div>\n\t\t<\/section>\n\t\t\t\t<section class=\"elementor-section elementor-top-section elementor-element elementor-element-3c3c96d elementor-section-boxed elementor-section-height-default elementor-section-height-default\" data-id=\"3c3c96d\" data-element_type=\"section\" data-e-type=\"section\">\n\t\t\t\t\t\t<div class=\"elementor-container elementor-column-gap-default\">\n\t\t\t\t\t<div class=\"elementor-column elementor-col-33 elementor-top-column elementor-element elementor-element-07050e3\" data-id=\"07050e3\" data-element_type=\"column\" data-e-type=\"column\">\n\t\t\t<div class=\"elementor-widget-wrap elementor-element-populated\">\n\t\t\t\t\t\t<div class=\"elementor-element elementor-element-d985caf elementor-widget__width-initial elementor-widget elementor-widget-image\" data-id=\"d985caf\" data-element_type=\"widget\" data-e-type=\"widget\" data-widget_type=\"image.default\">\n\t\t\t\t<div class=\"elementor-widget-container\">\n\t\t\t\t\t\t\t\t\t\t\t\t\t\t\t<img decoding=\"async\" width=\"750\" height=\"750\" src=\"https:\/\/freyareklam.com\/wp-content\/uploads\/2025\/03\/sublimasyon-3d-transfer-baski-makinesi-35105-12-B.jpg\" class=\"attachment-2048x2048 size-2048x2048 wp-image-510\" alt=\"\" srcset=\"https:\/\/freyareklam.com\/wp-content\/uploads\/2025\/03\/sublimasyon-3d-transfer-baski-makinesi-35105-12-B.jpg 750w, https:\/\/freyareklam.com\/wp-content\/uploads\/2025\/03\/sublimasyon-3d-transfer-baski-makinesi-35105-12-B-300x300.jpg 300w, https:\/\/freyareklam.com\/wp-content\/uploads\/2025\/03\/sublimasyon-3d-transfer-baski-makinesi-35105-12-B-150x150.jpg 150w\" sizes=\"(max-width: 750px) 100vw, 750px\" \/>\t\t\t\t\t\t\t\t\t\t\t\t\t\t\t<\/div>\n\t\t\t\t<\/div>\n\t\t\t\t\t<\/div>\n\t\t<\/div>\n\t\t\t\t<div class=\"elementor-column elementor-col-33 elementor-top-column elementor-element elementor-element-538d76f\" data-id=\"538d76f\" data-element_type=\"column\" data-e-type=\"column\">\n\t\t\t<div class=\"elementor-widget-wrap elementor-element-populated\">\n\t\t\t\t\t\t<div class=\"elementor-element elementor-element-d12b6ef elementor-widget__width-initial elementor-widget elementor-widget-image\" data-id=\"d12b6ef\" data-element_type=\"widget\" data-e-type=\"widget\" data-widget_type=\"image.default\">\n\t\t\t\t<div class=\"elementor-widget-container\">\n\t\t\t\t\t\t\t\t\t\t\t\t\t\t\t<img decoding=\"async\" width=\"800\" height=\"585\" src=\"https:\/\/freyareklam.com\/wp-content\/uploads\/2025\/03\/pngwing.com-6.png\" class=\"attachment-large size-large wp-image-438\" alt=\"\" srcset=\"https:\/\/freyareklam.com\/wp-content\/uploads\/2025\/03\/pngwing.com-6.png 800w, https:\/\/freyareklam.com\/wp-content\/uploads\/2025\/03\/pngwing.com-6-300x219.png 300w, https:\/\/freyareklam.com\/wp-content\/uploads\/2025\/03\/pngwing.com-6-768x562.png 768w\" sizes=\"(max-width: 800px) 100vw, 800px\" \/>\t\t\t\t\t\t\t\t\t\t\t\t\t\t\t<\/div>\n\t\t\t\t<\/div>\n\t\t\t\t\t<\/div>\n\t\t<\/div>\n\t\t\t\t<div class=\"elementor-column elementor-col-33 elementor-top-column elementor-element elementor-element-17db360\" data-id=\"17db360\" data-element_type=\"column\" data-e-type=\"column\">\n\t\t\t<div class=\"elementor-widget-wrap elementor-element-populated\">\n\t\t\t\t\t\t<div class=\"elementor-element elementor-element-5272196 elementor-widget__width-initial elementor-widget elementor-widget-image\" data-id=\"5272196\" data-element_type=\"widget\" data-e-type=\"widget\" data-widget_type=\"image.default\">\n\t\t\t\t<div class=\"elementor-widget-container\">\n\t\t\t\t\t\t\t\t\t\t\t\t\t\t\t<img loading=\"lazy\" decoding=\"async\" width=\"300\" height=\"300\" src=\"https:\/\/freyareklam.com\/wp-content\/uploads\/2025\/03\/m-on-300x300.jpg\" class=\"attachment-medium size-medium wp-image-511\" alt=\"\" srcset=\"https:\/\/freyareklam.com\/wp-content\/uploads\/2025\/03\/m-on-300x300.jpg 300w, https:\/\/freyareklam.com\/wp-content\/uploads\/2025\/03\/m-on-150x150.jpg 150w, https:\/\/freyareklam.com\/wp-content\/uploads\/2025\/03\/m-on.jpg 580w\" sizes=\"(max-width: 300px) 100vw, 300px\" \/>\t\t\t\t\t\t\t\t\t\t\t\t\t\t\t<\/div>\n\t\t\t\t<\/div>\n\t\t\t\t\t<\/div>\n\t\t<\/div>\n\t\t\t\t\t<\/div>\n\t\t<\/section>\n\t\t\t\t<section class=\"elementor-section elementor-top-section elementor-element elementor-element-3e16c5a elementor-section-boxed elementor-section-height-default elementor-section-height-default\" data-id=\"3e16c5a\" data-element_type=\"section\" data-e-type=\"section\">\n\t\t\t\t\t\t<div class=\"elementor-container elementor-column-gap-narrow\">\n\t\t\t\t\t<div class=\"elementor-column elementor-col-33 elementor-top-column elementor-element elementor-element-961dc77\" data-id=\"961dc77\" data-element_type=\"column\" data-e-type=\"column\">\n\t\t\t<div class=\"elementor-widget-wrap elementor-element-populated\">\n\t\t\t\t\t\t<div class=\"elementor-element elementor-element-ac3fdaa elementor-widget elementor-widget-heading\" data-id=\"ac3fdaa\" data-element_type=\"widget\" data-e-type=\"widget\" data-widget_type=\"heading.default\">\n\t\t\t\t<div class=\"elementor-widget-container\">\n\t\t\t\t\t<h2 class=\"elementor-heading-title elementor-size-default\">basit yarat\u0131c\u0131 tasar\u0131m kalitesi<\/h2>\t\t\t\t<\/div>\n\t\t\t\t<\/div>\n\t\t\t\t\t<\/div>\n\t\t<\/div>\n\t\t\t\t<div class=\"elementor-column elementor-col-33 elementor-top-column elementor-element elementor-element-e577696\" data-id=\"e577696\" data-element_type=\"column\" data-e-type=\"column\">\n\t\t\t<div class=\"elementor-widget-wrap elementor-element-populated\">\n\t\t\t\t\t\t<div class=\"elementor-element elementor-element-152c865 elementor-widget elementor-widget-text-editor\" data-id=\"152c865\" data-element_type=\"widget\" data-e-type=\"widget\" data-widget_type=\"text-editor.default\">\n\t\t\t\t<div class=\"elementor-widget-container\">\n\t\t\t\t\t\t\t\t\t<p>markan\u0131z\u0131n g\u00f6rsel g\u00fcc\u00fcn\u00fc art\u0131rmak i\u00e7in yenilik\u00e7i ve kaliteli reklam bask\u0131 hizmetleri sunuyoruz.<\/p>\t\t\t\t\t\t\t\t<\/div>\n\t\t\t\t<\/div>\n\t\t\t\t\t<\/div>\n\t\t<\/div>\n\t\t\t\t<div class=\"elementor-column elementor-col-33 elementor-top-column elementor-element elementor-element-ec68f28\" data-id=\"ec68f28\" data-element_type=\"column\" data-e-type=\"column\">\n\t\t\t<div class=\"elementor-widget-wrap elementor-element-populated\">\n\t\t\t\t\t\t<div class=\"elementor-element elementor-element-fd5326e elementor-widget elementor-widget-text-editor\" data-id=\"fd5326e\" data-element_type=\"widget\" data-e-type=\"widget\" data-widget_type=\"text-editor.default\">\n\t\t\t\t<div class=\"elementor-widget-container\">\n\t\t\t\t\t\t\t\t\t<p>Dijital bask\u0131dan UV bask\u0131ya, a\u00e7\u0131k hava reklamlar\u0131ndan promosyon \u00fcr\u00fcnlerine kadar geni\u015f bir yelpazede profesyonel \u00e7\u00f6z\u00fcmler sa\u011fl\u0131yoruz.<\/p>\t\t\t\t\t\t\t\t<\/div>\n\t\t\t\t<\/div>\n\t\t\t\t\t<\/div>\n\t\t<\/div>\n\t\t\t\t\t<\/div>\n\t\t<\/section>\n\t\t\t\t<section class=\"elementor-section elementor-top-section elementor-element elementor-element-60b61df elementor-section-boxed elementor-section-height-default elementor-section-height-default\" data-id=\"60b61df\" data-element_type=\"section\" data-e-type=\"section\">\n\t\t\t\t\t\t<div class=\"elementor-container elementor-column-gap-default\">\n\t\t\t\t\t<div class=\"elementor-column elementor-col-100 elementor-top-column elementor-element elementor-element-9e5b80c\" data-id=\"9e5b80c\" data-element_type=\"column\" data-e-type=\"column\">\n\t\t\t<div class=\"elementor-widget-wrap elementor-element-populated\">\n\t\t\t\t\t\t<div class=\"elementor-element elementor-element-dbac850 elementor-widget elementor-widget-heading\" data-id=\"dbac850\" data-element_type=\"widget\" data-e-type=\"widget\" data-widget_type=\"heading.default\">\n\t\t\t\t<div class=\"elementor-widget-container\">\n\t\t\t\t\t<h2 class=\"elementor-heading-title elementor-size-default\">Freya Reklam Hakk\u0131nda<\/h2>\t\t\t\t<\/div>\n\t\t\t\t<\/div>\n\t\t\t\t\t<\/div>\n\t\t<\/div>\n\t\t\t\t\t<\/div>\n\t\t<\/section>\n\t\t\t\t<section class=\"elementor-section elementor-top-section elementor-element elementor-element-1106478 elementor-section-boxed elementor-section-height-default elementor-section-height-default\" data-id=\"1106478\" data-element_type=\"section\" data-e-type=\"section\">\n\t\t\t\t\t\t<div class=\"elementor-container elementor-column-gap-default\">\n\t\t\t\t\t<div class=\"elementor-column elementor-col-50 elementor-top-column elementor-element elementor-element-89f2831\" data-id=\"89f2831\" data-element_type=\"column\" data-e-type=\"column\">\n\t\t\t<div class=\"elementor-widget-wrap elementor-element-populated\">\n\t\t\t\t\t\t<div class=\"elementor-element elementor-element-9fe4bb6 elementor-widget elementor-widget-image\" data-id=\"9fe4bb6\" data-element_type=\"widget\" data-e-type=\"widget\" data-widget_type=\"image.default\">\n\t\t\t\t<div class=\"elementor-widget-container\">\n\t\t\t\t\t\t\t\t\t\t\t\t\t\t\t<img loading=\"lazy\" decoding=\"async\" width=\"800\" height=\"269\" src=\"https:\/\/freyareklam.com\/wp-content\/uploads\/2025\/03\/pngwing.com-5-1024x344.png\" class=\"attachment-large size-large wp-image-437\" alt=\"\" srcset=\"https:\/\/freyareklam.com\/wp-content\/uploads\/2025\/03\/pngwing.com-5-1024x344.png 1024w, https:\/\/freyareklam.com\/wp-content\/uploads\/2025\/03\/pngwing.com-5-300x101.png 300w, https:\/\/freyareklam.com\/wp-content\/uploads\/2025\/03\/pngwing.com-5-768x258.png 768w, https:\/\/freyareklam.com\/wp-content\/uploads\/2025\/03\/pngwing.com-5-1536x515.png 1536w, https:\/\/freyareklam.com\/wp-content\/uploads\/2025\/03\/pngwing.com-5.png 2000w\" sizes=\"(max-width: 800px) 100vw, 800px\" \/>\t\t\t\t\t\t\t\t\t\t\t\t\t\t\t<\/div>\n\t\t\t\t<\/div>\n\t\t\t\t\t<\/div>\n\t\t<\/div>\n\t\t\t\t<div class=\"elementor-column elementor-col-50 elementor-top-column elementor-element elementor-element-a79d22d\" data-id=\"a79d22d\" data-element_type=\"column\" data-e-type=\"column\">\n\t\t\t<div class=\"elementor-widget-wrap elementor-element-populated\">\n\t\t\t\t\t\t<div class=\"elementor-element elementor-element-4d9daf6 elementor-widget elementor-widget-text-editor\" data-id=\"4d9daf6\" data-element_type=\"widget\" data-e-type=\"widget\" data-widget_type=\"text-editor.default\">\n\t\t\t\t<div class=\"elementor-widget-container\">\n\t\t\t\t\t\t\t\t\t<p>2014 Y\u0131l\u0131nda Teknolojisini, Ekipmanlar\u0131n\u0131, Makine Parkurunu Yenileyerek Kurumsal Hediyeler Ba\u015fta Olmak \u00dczere Bask\u0131 \u00c7e\u015fitleri ve Matbaa alanlar\u0131nda Hizmet Vermektedir. Kuruldu\u011fu Y\u0131ldan \u0130tibaren Yurt \u0130\u00e7i ve Yurt D\u0131\u015f\u0131 Bireysel ve Kurumsal t\u00fcm M\u00fc\u015fterilerinin Memnuniyetine \u00d6nem Vermi\u015f Olup G\u00fcvenli ve H\u0131zl\u0131 \u00c7\u00f6z\u00fcmler \u00dcretmi\u015ftir.<\/p><p>2014 Y\u0131l\u0131nda Hizmet Halkas\u0131n\u0131 Geni\u015fletip Hizmet Verdi\u011fi bu Alanlarda Hizmet Politikas\u0131n\u0131 Daima M\u00fc\u015fteri Odakl\u0131 Tutarak \u0130htiyaca en Uygun \u00c7\u00f6z\u00fcm\u00fc Sa\u011flamay\u0131 Hedeflemi\u015ftir.<\/p><p>Firmam\u0131z Kendini Yenileyerek Teknolojik ve Ekipman De\u011fi\u015fikli\u011fine Gitmi\u015ftir.Sekt\u00f6rdeki Yerimizi en \u00fcst D\u00fczeylerde tutabilmek i\u00e7in Minumum Maliyet, Maksimum Kalite ve Zaman\u0131nda \u0130\u015f Teslimi, Rakiplerimizden Farkl\u0131 Olarak Zamana dayal\u0131 Bilgi veTecr\u00fcbesini M\u00fc\u015fterileriyle Payla\u015farak,Hizmet Standartlar\u0131n\u0131 Zirvede Tutmay\u0131 \u0130lke edinmi\u015f bir Kurulu\u015ftur<\/p>\t\t\t\t\t\t\t\t<\/div>\n\t\t\t\t<\/div>\n\t\t\t\t\t<\/div>\n\t\t<\/div>\n\t\t\t\t\t<\/div>\n\t\t<\/section>\n\t\t\t\t<\/div>\n\t\t","protected":false},"excerpt":{"rendered":"<p>Promosyon, Reklam ve Bask\u0131 \u00dcr\u00fcnleri \u00dcretim Merkezi Markan\u0131z\u0131 Y\u00fckselten Reklam Bask\u0131 Hizmetleri basit yarat\u0131c\u0131 tasar\u0131m kalitesi markan\u0131z\u0131n g\u00f6rsel g\u00fcc\u00fcn\u00fc art\u0131rmak i\u00e7in yenilik\u00e7i ve kaliteli reklam bask\u0131 hizmetleri sunuyoruz. Dijital bask\u0131dan UV bask\u0131ya, a\u00e7\u0131k hava reklamlar\u0131ndan promosyon \u00fcr\u00fcnlerine kadar geni\u015f bir yelpazede profesyonel \u00e7\u00f6z\u00fcmler sa\u011fl\u0131yoruz. Freya Reklam Hakk\u0131nda 2014 Y\u0131l\u0131nda Teknolojisini, Ekipmanlar\u0131n\u0131, Makine Parkurunu Yenileyerek Kurumsal [&hellip;]<\/p>\n","protected":false},"author":2,"featured_media":0,"parent":0,"menu_order":0,"comment_status":"closed","ping_status":"closed","template":"","meta":{"_eb_attr":"","_joinchat":[],"footnotes":""},"class_list":["post-51","page","type-page","status-publish","hentry"],"_links":{"self":[{"href":"https:\/\/freyareklam.com\/index.php\/wp-json\/wp\/v2\/pages\/51","targetHints":{"allow":["GET"]}}],"collection":[{"href":"https:\/\/freyareklam.com\/index.php\/wp-json\/wp\/v2\/pages"}],"about":[{"href":"https:\/\/freyareklam.com\/index.php\/wp-json\/wp\/v2\/types\/page"}],"author":[{"embeddable":true,"href":"https:\/\/freyareklam.com\/index.php\/wp-json\/wp\/v2\/users\/2"}],"replies":[{"embeddable":true,"href":"https:\/\/freyareklam.com\/index.php\/wp-json\/wp\/v2\/comments?post=51"}],"version-history":[{"count":24,"href":"https:\/\/freyareklam.com\/index.php\/wp-json\/wp\/v2\/pages\/51\/revisions"}],"predecessor-version":[{"id":771,"href":"https:\/\/freyareklam.com\/index.php\/wp-json\/wp\/v2\/pages\/51\/revisions\/771"}],"wp:attachment":[{"href":"https:\/\/freyareklam.com\/index.php\/wp-json\/wp\/v2\/media?parent=51"}],"curies":[{"name":"wp","href":"https:\/\/api.w.org\/{rel}","templated":true}]}}