{"id":53,"date":"2025-03-21T01:47:04","date_gmt":"2025-03-20T22:47:04","guid":{"rendered":"https:\/\/freyareklam.com\/?page_id=53"},"modified":"2025-03-23T01:54:46","modified_gmt":"2025-03-22T22:54:46","slug":"hizmetler","status":"publish","type":"page","link":"https:\/\/freyareklam.com\/index.php\/hizmetler\/","title":{"rendered":"Hizmetler"},"content":{"rendered":"\t\t<div data-elementor-type=\"wp-page\" data-elementor-id=\"53\" class=\"elementor elementor-53\">\n\t\t\t\t\t\t<section class=\"elementor-section elementor-top-section elementor-element elementor-element-7fd4e45 elementor-section-boxed elementor-section-height-default elementor-section-height-default\" data-id=\"7fd4e45\" data-element_type=\"section\" data-e-type=\"section\">\n\t\t\t\t\t\t<div class=\"elementor-container elementor-column-gap-default\">\n\t\t\t\t\t<div class=\"elementor-column elementor-col-100 elementor-top-column elementor-element elementor-element-4be223e\" data-id=\"4be223e\" data-element_type=\"column\" data-e-type=\"column\" data-settings=\"{&quot;background_background&quot;:&quot;classic&quot;}\">\n\t\t\t<div class=\"elementor-widget-wrap elementor-element-populated\">\n\t\t\t\t\t\t<div class=\"elementor-element elementor-element-fd5ad9f elementor-widget elementor-widget-elementskit-blog-posts\" data-id=\"fd5ad9f\" data-element_type=\"widget\" data-e-type=\"widget\" data-widget_type=\"elementskit-blog-posts.default\">\n\t\t\t\t<div class=\"elementor-widget-container\">\n\t\t\t\t\t<div class=\"ekit-wid-con\" >        <div id=\"post-items--fd5ad9f\" class=\"row post-items\">\n                    <div class=\"col-lg-4 col-md-6\">\n\n                                    <div class=\"elementskit-post-image-card\">\n                        <div class=\"elementskit-entry-header\">\n                            \n                            \n\t\t\t\t\t\t\t\t\t\t\t\t\t<\/div><!-- .elementskit-entry-header END -->\n\n\t\t\t\t\t\t<div class=\"elementskit-post-body \">\n\t\t\t\t\t\t\t\n\t\t\t\t\t\t\t\t\t\t\t\t\t\t\t\t\t\t\t\t\t\t\t\t\t\n\t\t\t\t\t\t\t\t\n\t\t\t\t\t\t\t\t\t\t\t\t\t\t\t\t\t\t\t\t\t<h2 class=\"entry-title\">\n\t\t\t\t\t<a href=\"https:\/\/freyareklam.com\/index.php\/2025\/03\/23\/pendik-promosyon-urunleri\/\">\n\t\t\t\t\t\tPendik Promosyon \u00dcr\u00fcnleri\t\t\t\t\t<\/a>\n\t\t\t\t<\/h2>\n\t\t\t\t\t\t\t\t\t\t\t\t\t\t\t\t\t\t\t\t\t\t\t\t\t\t\t\t\t\t\t\t\t\t\t\t\t\t\t\t\t\t<p>Pendik Promosyon \u00dcr\u00fcnleri Markan\u0131z\u0131 \u00d6ne \u00c7\u0131karan Promosyon \u00dcr\u00fcnleri ile Etkili Reklam G\u00fcn\u00fcm\u00fcz rekabet\u00e7i i\u015f d\u00fcnyas\u0131nda markan\u0131z\u0131 m\u00fc\u015fterilerinizin zihninde kal\u0131c\u0131 hale getirmek i\u00e7in yarat\u0131c\u0131 ve etkili&hellip;<\/p>\n\t\t\t\t\t\t\t\t\t\t\t\t\t\t\t\t\t\t\t\t\t\t                                                            <div class=\"btn-wraper\">\n                                    \n                                                                            <a class=\"elementskit-btn whitespace--normal\" id=\"\" href=\"https:\/\/freyareklam.com\/index.php\/2025\/03\/23\/pendik-promosyon-urunleri\/\">\n                                        \t                                            Daha Fazla                                        <\/a>\n                                                                    <\/div>\n                                                    <\/div><!-- .elementskit-post-body END -->\n                    <\/div>\n                \n            <\/div>\n                    <div class=\"col-lg-4 col-md-6\">\n\n                                    <div class=\"elementskit-post-image-card\">\n                        <div class=\"elementskit-entry-header\">\n                            \n                            \n\t\t\t\t\t\t\t\t\t\t\t\t\t<\/div><!-- .elementskit-entry-header END -->\n\n\t\t\t\t\t\t<div class=\"elementskit-post-body \">\n\t\t\t\t\t\t\t\n\t\t\t\t\t\t\t\t\t\t\t\t\t\t\t\t\t\t\t\t\t\t\t\t\t\n\t\t\t\t\t\t\t\t\n\t\t\t\t\t\t\t\t\t\t\t\t\t\t\t\t\t\t\t\t\t<h2 class=\"entry-title\">\n\t\t\t\t\t<a href=\"https:\/\/freyareklam.com\/index.php\/2025\/03\/23\/pendik-grafik-tasarim\/\">\n\t\t\t\t\t\tPendik Grafik Tasar\u0131m\t\t\t\t\t<\/a>\n\t\t\t\t<\/h2>\n\t\t\t\t\t\t\t\t\t\t\t\t\t\t\t\t\t\t\t\t\t\t\t\t\t\t\t\t\t\t\t\t\t\t\t\t\t\t\t\t\t\t<p>Pendik Logo ve Tasar\u0131m Hizmetleri G\u00fcn\u00fcm\u00fczde markalar\u0131n rakiplerinden ayr\u0131\u015fmas\u0131 ve ak\u0131lda kal\u0131c\u0131 bir kimlik olu\u015fturmas\u0131 i\u00e7in profesyonel grafik tasar\u0131m hizmetleri b\u00fcy\u00fck \u00f6nem ta\u015f\u0131r. G\u00f6rselli\u011fin \u00f6n&hellip;<\/p>\n\t\t\t\t\t\t\t\t\t\t\t\t\t\t\t\t\t\t\t\t\t\t                                                            <div class=\"btn-wraper\">\n                                    \n                                                                            <a class=\"elementskit-btn whitespace--normal\" id=\"\" href=\"https:\/\/freyareklam.com\/index.php\/2025\/03\/23\/pendik-grafik-tasarim\/\">\n                                        \t                                            Daha Fazla                                        <\/a>\n                                                                    <\/div>\n                                                    <\/div><!-- .elementskit-post-body END -->\n                    <\/div>\n                \n            <\/div>\n                    <div class=\"col-lg-4 col-md-6\">\n\n                                    <div class=\"elementskit-post-image-card\">\n                        <div class=\"elementskit-entry-header\">\n                            \n                            \n\t\t\t\t\t\t\t\t\t\t\t\t\t<\/div><!-- .elementskit-entry-header END -->\n\n\t\t\t\t\t\t<div class=\"elementskit-post-body \">\n\t\t\t\t\t\t\t\n\t\t\t\t\t\t\t\t\t\t\t\t\t\t\t\t\t\t\t\t\t\t\t\t\t\n\t\t\t\t\t\t\t\t\n\t\t\t\t\t\t\t\t\t\t\t\t\t\t\t\t\t\t\t\t\t<h2 class=\"entry-title\">\n\t\t\t\t\t<a href=\"https:\/\/freyareklam.com\/index.php\/2025\/03\/22\/pendik-dijital-baski\/\">\n\t\t\t\t\t\tPendik Dijital Bask\u0131\t\t\t\t\t<\/a>\n\t\t\t\t<\/h2>\n\t\t\t\t\t\t\t\t\t\t\t\t\t\t\t\t\t\t\t\t\t\t\t\t\t\t\t\t\t\t\t\t\t\t\t\t\t\t\t\t\t\t<p>Pendik Dijital Bask\u0131 ve Reklam Hizmetleri Pendik&#8217;te dijital bask\u0131 ve reklam hizmetleri alan\u0131nda \u00f6nc\u00fc firmam\u0131z, en son teknolojiye sahip ekipmanlar\u0131m\u0131z ve m\u00fc\u015fteri odakl\u0131 hizmet anlay\u0131\u015f\u0131m\u0131zla&hellip;<\/p>\n\t\t\t\t\t\t\t\t\t\t\t\t\t\t\t\t\t\t\t\t\t\t                                                            <div class=\"btn-wraper\">\n                                    \n                                                                            <a class=\"elementskit-btn whitespace--normal\" id=\"\" href=\"https:\/\/freyareklam.com\/index.php\/2025\/03\/22\/pendik-dijital-baski\/\">\n                                        \t                                            Daha Fazla                                        <\/a>\n                                                                    <\/div>\n                                                    <\/div><!-- .elementskit-post-body END -->\n                    <\/div>\n                \n            <\/div>\n                <\/div>\n       <\/div>\t\t\t\t<\/div>\n\t\t\t\t<\/div>\n\t\t\t\t\t<\/div>\n\t\t<\/div>\n\t\t\t\t\t<\/div>\n\t\t<\/section>\n\t\t\t\t<\/div>\n\t\t","protected":false},"excerpt":{"rendered":"<p>Pendik Promosyon \u00dcr\u00fcnleri Pendik Promosyon \u00dcr\u00fcnleri Markan\u0131z\u0131 \u00d6ne \u00c7\u0131karan Promosyon \u00dcr\u00fcnleri ile Etkili Reklam G\u00fcn\u00fcm\u00fcz rekabet\u00e7i i\u015f d\u00fcnyas\u0131nda markan\u0131z\u0131 m\u00fc\u015fterilerinizin zihninde kal\u0131c\u0131 hale getirmek i\u00e7in yarat\u0131c\u0131 ve etkili&hellip; Daha Fazla Pendik Grafik Tasar\u0131m Pendik Logo ve Tasar\u0131m Hizmetleri G\u00fcn\u00fcm\u00fczde markalar\u0131n rakiplerinden ayr\u0131\u015fmas\u0131 ve ak\u0131lda kal\u0131c\u0131 bir kimlik olu\u015fturmas\u0131 i\u00e7in profesyonel grafik tasar\u0131m hizmetleri b\u00fcy\u00fck \u00f6nem [&hellip;]<\/p>\n","protected":false},"author":2,"featured_media":0,"parent":0,"menu_order":0,"comment_status":"closed","ping_status":"closed","template":"","meta":{"_eb_attr":"","_joinchat":[],"footnotes":""},"class_list":["post-53","page","type-page","status-publish","hentry"],"_links":{"self":[{"href":"https:\/\/freyareklam.com\/index.php\/wp-json\/wp\/v2\/pages\/53","targetHints":{"allow":["GET"]}}],"collection":[{"href":"https:\/\/freyareklam.com\/index.php\/wp-json\/wp\/v2\/pages"}],"about":[{"href":"https:\/\/freyareklam.com\/index.php\/wp-json\/wp\/v2\/types\/page"}],"author":[{"embeddable":true,"href":"https:\/\/freyareklam.com\/index.php\/wp-json\/wp\/v2\/users\/2"}],"replies":[{"embeddable":true,"href":"https:\/\/freyareklam.com\/index.php\/wp-json\/wp\/v2\/comments?post=53"}],"version-history":[{"count":8,"href":"https:\/\/freyareklam.com\/index.php\/wp-json\/wp\/v2\/pages\/53\/revisions"}],"predecessor-version":[{"id":611,"href":"https:\/\/freyareklam.com\/index.php\/wp-json\/wp\/v2\/pages\/53\/revisions\/611"}],"wp:attachment":[{"href":"https:\/\/freyareklam.com\/index.php\/wp-json\/wp\/v2\/media?parent=53"}],"curies":[{"name":"wp","href":"https:\/\/api.w.org\/{rel}","templated":true}]}}